{"id":3,"date":"2022-02-12T10:18:07","date_gmt":"2022-02-12T07:18:07","guid":{"rendered":"http:\/\/ievaastro.lv\/?page_id=3"},"modified":"2022-09-04T21:06:14","modified_gmt":"2022-09-04T18:06:14","slug":"privatum-politika","status":"publish","type":"page","link":"https:\/\/ievaastro.lv\/?page_id=3","title":{"rendered":"Priv\u0101tum politika"},"content":{"rendered":"\t\t<div data-elementor-type=\"wp-page\" data-elementor-id=\"3\" class=\"elementor elementor-3\">\n\t\t\t\t\t\t\t\t\t<section class=\"elementor-section elementor-top-section elementor-element elementor-element-e89f918 elementor-section-boxed elementor-section-height-default elementor-section-height-default\" data-id=\"e89f918\" data-element_type=\"section\">\n\t\t\t\t\t\t<div class=\"elementor-container elementor-column-gap-default\">\n\t\t\t\t\t<div class=\"elementor-column elementor-col-100 elementor-top-column elementor-element elementor-element-b0339b2\" data-id=\"b0339b2\" data-element_type=\"column\">\n\t\t\t<div class=\"elementor-widget-wrap elementor-element-populated\">\n\t\t\t\t\t\t\t\t<div class=\"elementor-element elementor-element-9045bd9 elementor-widget elementor-widget-spacer\" data-id=\"9045bd9\" data-element_type=\"widget\" data-widget_type=\"spacer.default\">\n\t\t\t\t<div class=\"elementor-widget-container\">\n\t\t\t<style>\/*! elementor - v3.7.7 - 20-09-2022 *\/\n.elementor-column .elementor-spacer-inner{height:var(--spacer-size)}.e-container{--container-widget-width:100%}.e-container>.elementor-widget-spacer{width:var(--container-widget-width,var(--spacer-size));-ms-flex-item-align:stretch;align-self:stretch;-ms-flex-negative:0;flex-shrink:0}.e-container>.elementor-widget-spacer>.elementor-widget-container,.e-container>.elementor-widget-spacer>.elementor-widget-container>.elementor-spacer{height:100%}.e-container>.elementor-widget-spacer>.elementor-widget-container>.elementor-spacer>.elementor-spacer-inner{height:var(--container-widget-height,var(--spacer-size))}<\/style>\t\t<div class=\"elementor-spacer\">\n\t\t\t<div class=\"elementor-spacer-inner\"><\/div>\n\t\t<\/div>\n\t\t\t\t<\/div>\n\t\t\t\t<\/div>\n\t\t\t\t\t<\/div>\n\t\t<\/div>\n\t\t\t\t\t\t\t<\/div>\n\t\t<\/section>\n\t\t\t\t<section class=\"elementor-section elementor-top-section elementor-element elementor-element-8020dd1 elementor-section-boxed elementor-section-height-default elementor-section-height-default\" data-id=\"8020dd1\" data-element_type=\"section\">\n\t\t\t\t\t\t<div class=\"elementor-container elementor-column-gap-default\">\n\t\t\t\t\t<div class=\"elementor-column elementor-col-100 elementor-top-column elementor-element elementor-element-e75ebe8\" data-id=\"e75ebe8\" data-element_type=\"column\">\n\t\t\t<div class=\"elementor-widget-wrap elementor-element-populated\">\n\t\t\t\t\t\t\t\t<div class=\"elementor-element elementor-element-7defdf9 elementor-widget elementor-widget-heading\" data-id=\"7defdf9\" data-element_type=\"widget\" data-widget_type=\"heading.default\">\n\t\t\t\t<div class=\"elementor-widget-container\">\n\t\t\t<style>\/*! elementor - v3.7.7 - 20-09-2022 *\/\n.elementor-heading-title{padding:0;margin:0;line-height:1}.elementor-widget-heading .elementor-heading-title[class*=elementor-size-]>a{color:inherit;font-size:inherit;line-height:inherit}.elementor-widget-heading .elementor-heading-title.elementor-size-small{font-size:15px}.elementor-widget-heading .elementor-heading-title.elementor-size-medium{font-size:19px}.elementor-widget-heading .elementor-heading-title.elementor-size-large{font-size:29px}.elementor-widget-heading .elementor-heading-title.elementor-size-xl{font-size:39px}.elementor-widget-heading .elementor-heading-title.elementor-size-xxl{font-size:59px}<\/style><h2 class=\"elementor-heading-title elementor-size-default\">Privatum politika<\/h2>\t\t<\/div>\n\t\t\t\t<\/div>\n\t\t\t\t<div class=\"elementor-element elementor-element-881adcc elementor-widget elementor-widget-spacer\" data-id=\"881adcc\" data-element_type=\"widget\" data-widget_type=\"spacer.default\">\n\t\t\t\t<div class=\"elementor-widget-container\">\n\t\t\t\t\t<div class=\"elementor-spacer\">\n\t\t\t<div class=\"elementor-spacer-inner\"><\/div>\n\t\t<\/div>\n\t\t\t\t<\/div>\n\t\t\t\t<\/div>\n\t\t\t\t<div class=\"elementor-element elementor-element-b84818e elementor-widget elementor-widget-text-editor\" data-id=\"b84818e\" data-element_type=\"widget\" data-widget_type=\"text-editor.default\">\n\t\t\t\t<div class=\"elementor-widget-container\">\n\t\t\t<style>\/*! elementor - v3.7.7 - 20-09-2022 *\/\n.elementor-widget-text-editor.elementor-drop-cap-view-stacked .elementor-drop-cap{background-color:#818a91;color:#fff}.elementor-widget-text-editor.elementor-drop-cap-view-framed .elementor-drop-cap{color:#818a91;border:3px solid;background-color:transparent}.elementor-widget-text-editor:not(.elementor-drop-cap-view-default) .elementor-drop-cap{margin-top:8px}.elementor-widget-text-editor:not(.elementor-drop-cap-view-default) .elementor-drop-cap-letter{width:1em;height:1em}.elementor-widget-text-editor .elementor-drop-cap{float:left;text-align:center;line-height:1;font-size:50px}.elementor-widget-text-editor .elementor-drop-cap-letter{display:inline-block}<\/style>\t\t\t\t<p dir=\"ltr\" style=\"line-height: 1.2; margin-top: 0pt; margin-bottom: 10pt;\"><span style=\"font-size: 12pt; font-family: 'Times New Roman'; color: #212529; background-color: transparent; font-weight: 400; font-style: normal; font-variant: normal; text-decoration: none; vertical-align: baseline; white-space: pre-wrap;\">J\u016bsu priv\u0101tums un datu aizsardz\u012bba T\u012bmek\u013cvietn\u0113 <\/span><a style=\"text-decoration: none;\" href=\"http:\/\/ievaastro.lv\"><span style=\"font-size: 12pt; font-family: 'Times New Roman'; color: #0000ff; background-color: transparent; font-weight: 400; font-style: normal; font-variant: normal; text-decoration: underline; -webkit-text-decoration-skip: none; text-decoration-skip-ink: none; vertical-align: baseline; white-space: pre-wrap;\">ievaastro.lv<\/span><\/a><span style=\"font-size: 12pt; font-family: 'Times New Roman'; color: #212529; background-color: transparent; font-weight: 400; font-style: normal; font-variant: normal; text-decoration: none; vertical-align: baseline; white-space: pre-wrap;\"> platform\u0101 p\u0101rzinim ir svar\u012bga. Pie\u0146emam, ka gad\u012bjum\u0101, ja las\u0101t \u0161o Politiku saist\u012bb\u0101 ar piekri\u0161anu, kura ir piepras\u012bta no Jums saist\u012bb\u0101 ar J\u016bsu personas datu apstr\u0101di, pirms savu\u00a0 personu datu iesnieg\u0161anas, esat izlas\u012bju\u0161i \u0161o pazi\u0146ojumu un esat akcept\u0113ju\u0161i \u0161o datu apstr\u0101di.<\/span><\/p>\n<p dir=\"ltr\" style=\"line-height: 1.2; margin-top: 0pt; margin-bottom: 10pt;\"><span style=\"font-size: 12pt; font-family: 'Times New Roman'; color: #212529; background-color: transparent; font-weight: 400; font-style: normal; font-variant: normal; text-decoration: none; vertical-align: baseline; white-space: pre-wrap;\">T\u012bmek\u013cvietnes platform\u0101 tiek \u00a0izmantoti un apstr\u0101d\u0101ti personu dati m\u0101c\u012bbu nol\u016bkos un p\u0113c konkr\u0113t\u0101s fizisk\u0101s personas pras\u012bbas \u0161\u012bs konkr\u0113t\u0101s personas person\u012bgaj\u0101s interes\u0113s. Apstr\u0101d\u0101jam fizisko personu datus uz \u00a0fizisk\u0101s personas piekri\u0161anas pamata, Personas datu apstr\u0101des veik\u0161ana notiek, iev\u0113rojot personas datu apstr\u0101des principus, kas ir ietverti Eiropas Parlamenta un Padomes 2016. gada 27. apr\u012b\u013ca Regul\u0101 Nr. 2016\/679 par fizisku personu aizsardz\u012bbu attiec\u012bb\u0101 uz personas datu apstr\u0101di un \u0161\u0101du datu br\u012bvu apriti (Visp\u0101r\u012bg\u0101 datu aizsardz\u012bbas regul\u0101) (turpm\u0101k \u2013 VDAR.<\/span><\/p>\n<p dir=\"ltr\" style=\"line-height: 1.2; margin-top: 0pt; margin-bottom: 10pt;\"><span style=\"font-size: 12pt; font-family: 'Times New Roman'; color: #212529; background-color: transparent; font-weight: 400; font-style: normal; font-variant: normal; text-decoration: none; vertical-align: baseline; white-space: pre-wrap;\">T\u012bmek\u013cviet\u0146u vienot\u0101s platformas personu datu p\u0101rzinis Ieva Kova\u013cevska.T\u012bmek\u013cviet\u0146u vienotaj\u0101 platform\u0101 j\u016bsu personas dati tiks apstr\u0101d\u0101ti atbilsto\u0161i fizisk\u0101s personas person\u012bgajam piepras\u012bjumam astrolo\u0123isko kar\u0161u un progno\u017eu izveid\u0113, abpus\u0113jo vieno\u0161anos, nosl\u0113gtos savstarp\u0113jos l\u012bgumos noteikto saist\u012bbu izpildei, k\u0101 ar\u012b citiem iepriek\u0161 \u00a0pu\u0161u vieno\u0161an\u0101s paredz\u0113tiem astrolo\u0123ijas studiju nol\u016bkiem.<\/span><\/p>\n<p dir=\"ltr\" style=\"line-height: 1.2; margin-top: 0pt; margin-bottom: 10pt;\"><span style=\"font-size: 12pt; font-family: 'Times New Roman'; color: #212529; background-color: transparent; font-weight: 400; font-style: normal; font-variant: normal; text-decoration: none; vertical-align: baseline; white-space: pre-wrap;\">\u00a0T\u012bmek\u013cviet\u0146u vienot\u0101s platformas darb\u012bb\u0101 iesaist\u012bto puses apstr\u0101d\u0101 personas datus tikai abpus\u0113jas vieno\u0161an\u0101s un\u00a0 nosl\u0113gto L\u012bgumu \u00a0pien\u0101kumu izpildei, iev\u0113rojot L\u012bgum\u0101 noteikto personas datu apstr\u0101des pamatprincipus un konfidencialit\u0101tes pras\u012bbas.<\/span><\/p>\n<p>\u00a0<\/p>\n<p dir=\"ltr\" style=\"line-height: 1.2; margin-top: 0pt; margin-bottom: 10pt;\"><span style=\"font-size: 12pt; font-family: 'Times New Roman'; color: #212529; background-color: transparent; font-weight: 400; font-style: normal; font-variant: normal; text-decoration: none; vertical-align: baseline; white-space: pre-wrap;\">T\u012bmek\u013cviet\u0146u vienotaj\u0101 platform\u0101 <\/span><a style=\"text-decoration: none;\" href=\"http:\/\/ievaastro.lv\"><span style=\"font-size: 12pt; font-family: 'Times New Roman'; color: #0000ff; background-color: transparent; font-weight: 400; font-style: normal; font-variant: normal; text-decoration: underline; -webkit-text-decoration-skip: none; text-decoration-skip-ink: none; vertical-align: baseline; white-space: pre-wrap;\">ievaastro.lv<\/span><\/a><span style=\"font-size: 12pt; font-family: 'Times New Roman'; color: #212529; background-color: transparent; font-weight: 400; font-style: normal; font-variant: normal; text-decoration: none; vertical-align: baseline; white-space: pre-wrap;\"> j\u016bsu personu dati tiek apstr\u0101d\u0101ti, iev\u0113rojot konfidencialit\u0101tes pras\u012bbas un r\u016bp\u0113joties par m\u016bsu r\u012bc\u012bb\u0101 eso\u0161o datu dro\u0161\u012bbu. Tiek nodro\u0161in\u0101ta pien\u0101c\u012bga datu inform\u0101cijas apstr\u0101de, uzglab\u0101\u0161ana, datu integrit\u0101te ar atbilsto\u0161u dro\u0161\u012bbas l\u012bmeni.\u00a0<\/span><\/p>\t\t\t\t\t\t<\/div>\n\t\t\t\t<\/div>\n\t\t\t\t\t<\/div>\n\t\t<\/div>\n\t\t\t\t\t\t\t<\/div>\n\t\t<\/section>\n\t\t\t\t<section class=\"elementor-section elementor-top-section elementor-element elementor-element-62fec91 elementor-section-boxed elementor-section-height-default elementor-section-height-default\" data-id=\"62fec91\" data-element_type=\"section\">\n\t\t\t\t\t\t<div class=\"elementor-container elementor-column-gap-default\">\n\t\t\t\t\t<div class=\"elementor-column elementor-col-100 elementor-top-column elementor-element elementor-element-8b8d13c\" data-id=\"8b8d13c\" data-element_type=\"column\">\n\t\t\t<div class=\"elementor-widget-wrap elementor-element-populated\">\n\t\t\t\t\t\t\t\t<div class=\"elementor-element elementor-element-f7bb203 elementor-widget elementor-widget-spacer\" data-id=\"f7bb203\" data-element_type=\"widget\" data-widget_type=\"spacer.default\">\n\t\t\t\t<div class=\"elementor-widget-container\">\n\t\t\t\t\t<div class=\"elementor-spacer\">\n\t\t\t<div class=\"elementor-spacer-inner\"><\/div>\n\t\t<\/div>\n\t\t\t\t<\/div>\n\t\t\t\t<\/div>\n\t\t\t\t\t<\/div>\n\t\t<\/div>\n\t\t\t\t\t\t\t<\/div>\n\t\t<\/section>\n\t\t\t\t<section class=\"elementor-section elementor-top-section elementor-element elementor-element-5a734e0 elementor-section-boxed elementor-section-height-default elementor-section-height-default\" data-id=\"5a734e0\" data-element_type=\"section\" data-settings=\"{&quot;background_background&quot;:&quot;classic&quot;}\">\n\t\t\t\t\t\t<div class=\"elementor-container elementor-column-gap-default\">\n\t\t\t\t\t<div class=\"elementor-column elementor-col-33 elementor-top-column elementor-element elementor-element-2471ad5 elementor-hidden-mobile\" data-id=\"2471ad5\" data-element_type=\"column\">\n\t\t\t<div class=\"elementor-widget-wrap elementor-element-populated\">\n\t\t\t\t\t\t\t\t<div class=\"elementor-element elementor-element-1a23e96 elementor-widget elementor-widget-text-editor\" data-id=\"1a23e96\" data-element_type=\"widget\" data-widget_type=\"text-editor.default\">\n\t\t\t\t<div class=\"elementor-widget-container\">\n\t\t\t\t\t\t\t<p><span id=\"docs-internal-guid-ff7f99ac-7fff-ea53-78e0-047159f1a4d7\" style=\"font-weight: normal;\"><a href=\"https:\/\/ievaastro.lv\/?page_id=3\"><span style=\"font-size: 11pt; font-family: 'Roboto Slab', serif; color: #ffffff; background-color: transparent; font-weight: 400; font-style: normal; font-variant: normal; white-space: pre-wrap;\">Priv\u0101tuma politika<\/span><\/a><\/span><\/p>\t\t\t\t\t\t<\/div>\n\t\t\t\t<\/div>\n\t\t\t\t\t<\/div>\n\t\t<\/div>\n\t\t\t\t<div class=\"elementor-column elementor-col-33 elementor-top-column elementor-element elementor-element-d1dba55\" data-id=\"d1dba55\" data-element_type=\"column\" data-settings=\"{&quot;background_background&quot;:&quot;classic&quot;}\">\n\t\t\t<div class=\"elementor-widget-wrap elementor-element-populated\">\n\t\t\t\t\t\t\t\t<div class=\"elementor-element elementor-element-2c8023b elementor-widget elementor-widget-text-editor\" data-id=\"2c8023b\" data-element_type=\"widget\" data-widget_type=\"text-editor.default\">\n\t\t\t\t<div class=\"elementor-widget-container\">\n\t\t\t\t\t\t\t<p>Grupas<\/p>\t\t\t\t\t\t<\/div>\n\t\t\t\t<\/div>\n\t\t\t\t<div class=\"elementor-element elementor-element-aa0ec6a elementor-view-stacked elementor-shape-circle elementor-widget elementor-widget-icon\" data-id=\"aa0ec6a\" data-element_type=\"widget\" data-widget_type=\"icon.default\">\n\t\t\t\t<div class=\"elementor-widget-container\">\n\t\t\t\t\t<div class=\"elementor-icon-wrapper\">\n\t\t\t<a class=\"elementor-icon\" href=\"https:\/\/chat.whatsapp.com\/J5gh19aQaVn9UdKv7qlmdb\" target=\"_blank\">\n\t\t\t<i aria-hidden=\"true\" class=\"fab fa-whatsapp\"><\/i>\t\t\t<\/a>\n\t\t<\/div>\n\t\t\t\t<\/div>\n\t\t\t\t<\/div>\n\t\t\t\t\t<\/div>\n\t\t<\/div>\n\t\t\t\t<div class=\"elementor-column elementor-col-33 elementor-top-column elementor-element elementor-element-2ad84d5\" data-id=\"2ad84d5\" data-element_type=\"column\">\n\t\t\t<div class=\"elementor-widget-wrap elementor-element-populated\">\n\t\t\t\t\t\t\t\t<div class=\"elementor-element elementor-element-8231b20 elementor-widget elementor-widget-text-editor\" data-id=\"8231b20\" data-element_type=\"widget\" data-widget_type=\"text-editor.default\">\n\t\t\t\t<div class=\"elementor-widget-container\">\n\t\t\t\t\t\t\t<p>Kontakti<\/p><p>\u00a0<\/p>\t\t\t\t\t\t<\/div>\n\t\t\t\t<\/div>\n\t\t\t\t<div class=\"elementor-element elementor-element-76bd0db elementor-widget elementor-widget-text-editor\" data-id=\"76bd0db\" data-element_type=\"widget\" data-widget_type=\"text-editor.default\">\n\t\t\t\t<div class=\"elementor-widget-container\">\n\t\t\t\t\t\t\t<p>+371 27438281<\/p><p>ieva@ievaastro.lv<\/p>\t\t\t\t\t\t<\/div>\n\t\t\t\t<\/div>\n\t\t\t\t<div class=\"elementor-element elementor-element-189643d elementor-view-stacked elementor-shape-circle elementor-widget elementor-widget-icon\" data-id=\"189643d\" data-element_type=\"widget\" data-widget_type=\"icon.default\">\n\t\t\t\t<div class=\"elementor-widget-container\">\n\t\t\t\t\t<div class=\"elementor-icon-wrapper\">\n\t\t\t<a class=\"elementor-icon\" href=\"https:\/\/t.me\/+HrF31R-CymU4MjQ0#\" target=\"_blank\">\n\t\t\t<i aria-hidden=\"true\" class=\"fab fa-telegram-plane\"><\/i>\t\t\t<\/a>\n\t\t<\/div>\n\t\t\t\t<\/div>\n\t\t\t\t<\/div>\n\t\t\t\t\t<\/div>\n\t\t<\/div>\n\t\t\t\t\t\t\t<\/div>\n\t\t<\/section>\n\t\t\t\t<section class=\"elementor-section elementor-top-section elementor-element elementor-element-c5e5f0f elementor-section-boxed elementor-section-height-default elementor-section-height-default\" data-id=\"c5e5f0f\" data-element_type=\"section\" data-settings=\"{&quot;background_background&quot;:&quot;classic&quot;}\">\n\t\t\t\t\t\t<div class=\"elementor-container elementor-column-gap-default\">\n\t\t\t\t\t<div class=\"elementor-column elementor-col-100 elementor-top-column elementor-element elementor-element-f19551e\" data-id=\"f19551e\" data-element_type=\"column\">\n\t\t\t<div class=\"elementor-widget-wrap elementor-element-populated\">\n\t\t\t\t\t\t\t\t<div class=\"elementor-element elementor-element-e52a2da elementor-widget elementor-widget-heading\" data-id=\"e52a2da\" data-element_type=\"widget\" data-widget_type=\"heading.default\">\n\t\t\t\t<div class=\"elementor-widget-container\">\n\t\t\t<h2 class=\"elementor-heading-title elementor-size-default\">\u00a9 Ievaastro  2022 <span style=\"font-family: Roboto, sans-serif; font-size: 18px; font-weight: 200;\"><\/span><br><\/h2>\t\t<\/div>\n\t\t\t\t<\/div>\n\t\t\t\t\t<\/div>\n\t\t<\/div>\n\t\t\t\t\t\t\t<\/div>\n\t\t<\/section>\n\t\t\t\t\t\t\t<\/div>\n\t\t","protected":false},"excerpt":{"rendered":"<p>Privatum politika J\u016bsu priv\u0101tums un datu aizsardz\u012bba T\u012bmek\u013cvietn\u0113 ievaastro.lv platform\u0101 p\u0101rzinim ir svar\u012bga. Pie\u0146emam, ka gad\u012bjum\u0101, ja las\u0101t \u0161o Politiku saist\u012bb\u0101 ar piekri\u0161anu, kura ir piepras\u012bta no Jums saist\u012bb\u0101 ar J\u016bsu personas datu apstr\u0101di, pirms savu\u00a0 personu datu iesnieg\u0161anas, esat izlas\u012bju\u0161i \u0161o pazi\u0146ojumu un esat akcept\u0113ju\u0161i \u0161o datu apstr\u0101di. T\u012bmek\u013cvietnes platform\u0101 tiek \u00a0izmantoti un apstr\u0101d\u0101ti [&hellip;]<\/p>\n","protected":false},"author":1,"featured_media":0,"parent":0,"menu_order":0,"comment_status":"closed","ping_status":"closed","template":"elementor_header_footer","meta":{"pgc_sgb_lightbox_settings":"","footnotes":""},"class_list":["post-3","page","type-page","status-publish","hentry","entry"],"_links":{"self":[{"href":"https:\/\/ievaastro.lv\/index.php?rest_route=\/wp\/v2\/pages\/3","targetHints":{"allow":["GET"]}}],"collection":[{"href":"https:\/\/ievaastro.lv\/index.php?rest_route=\/wp\/v2\/pages"}],"about":[{"href":"https:\/\/ievaastro.lv\/index.php?rest_route=\/wp\/v2\/types\/page"}],"author":[{"embeddable":true,"href":"https:\/\/ievaastro.lv\/index.php?rest_route=\/wp\/v2\/users\/1"}],"replies":[{"embeddable":true,"href":"https:\/\/ievaastro.lv\/index.php?rest_route=%2Fwp%2Fv2%2Fcomments&post=3"}],"version-history":[{"count":21,"href":"https:\/\/ievaastro.lv\/index.php?rest_route=\/wp\/v2\/pages\/3\/revisions"}],"predecessor-version":[{"id":2160,"href":"https:\/\/ievaastro.lv\/index.php?rest_route=\/wp\/v2\/pages\/3\/revisions\/2160"}],"wp:attachment":[{"href":"https:\/\/ievaastro.lv\/index.php?rest_route=%2Fwp%2Fv2%2Fmedia&parent=3"}],"curies":[{"name":"wp","href":"https:\/\/api.w.org\/{rel}","templated":true}]}}